{"id":244080,"date":"2025-09-10T13:14:41","date_gmt":"2025-09-10T13:14:41","guid":{"rendered":"https:\/\/www.citizenshipinvest.com\/?page_id=244080"},"modified":"2026-02-19T06:38:18","modified_gmt":"2026-02-19T06:38:18","slug":"saotomeandprincipe","status":"publish","type":"page","link":"https:\/\/www.citizenshipinvest.com\/en\/programs\/saotomeandprincipe\/","title":{"rendered":"S\u00c3O TOM\u00c9 AND PR\u00cdNCIPE"},"content":{"rendered":"","protected":false},"excerpt":{"rendered":"","protected":false},"author":12,"featured_media":0,"parent":130860,"menu_order":60,"comment_status":"closed","ping_status":"closed","template":"antigua_barbuda_2.php","meta":{"_acf_changed":false,"footnotes":""},"class_list":["post-244080","page","type-page","status-publish","hentry"],"acf":[],"_links":{"self":[{"href":"https:\/\/www.citizenshipinvest.com\/en\/wp-json\/wp\/v2\/pages\/244080","targetHints":{"allow":["GET"]}}],"collection":[{"href":"https:\/\/www.citizenshipinvest.com\/en\/wp-json\/wp\/v2\/pages"}],"about":[{"href":"https:\/\/www.citizenshipinvest.com\/en\/wp-json\/wp\/v2\/types\/page"}],"author":[{"embeddable":true,"href":"https:\/\/www.citizenshipinvest.com\/en\/wp-json\/wp\/v2\/users\/12"}],"replies":[{"embeddable":true,"href":"https:\/\/www.citizenshipinvest.com\/en\/wp-json\/wp\/v2\/comments?post=244080"}],"version-history":[{"count":1,"href":"https:\/\/www.citizenshipinvest.com\/en\/wp-json\/wp\/v2\/pages\/244080\/revisions"}],"predecessor-version":[{"id":244090,"href":"https:\/\/www.citizenshipinvest.com\/en\/wp-json\/wp\/v2\/pages\/244080\/revisions\/244090"}],"up":[{"embeddable":true,"href":"https:\/\/www.citizenshipinvest.com\/en\/wp-json\/wp\/v2\/pages\/130860"}],"wp:attachment":[{"href":"https:\/\/www.citizenshipinvest.com\/en\/wp-json\/wp\/v2\/media?parent=244080"}],"curies":[{"name":"wp","href":"https:\/\/api.w.org\/{rel}","templated":true}]}}